{"id":693,"date":"2026-01-30T13:18:08","date_gmt":"2026-01-30T13:18:08","guid":{"rendered":"https:\/\/directorioempresasecuador.com\/?post_type=product&#038;p=693"},"modified":"2026-02-16T00:07:35","modified_gmt":"2026-02-16T00:07:35","slug":"directorio-agentes-de-bienes-raices-ecuador","status":"publish","type":"product","link":"https:\/\/directorioempresasecuador.com\/es\/producto\/directorio-agentes-de-bienes-raices-ecuador\/","title":{"rendered":"Directorio Agentes de Bienes Ra\u00edces Ecuador 2026"},"content":{"rendered":"","protected":false},"excerpt":{"rendered":"<p>&nbsp;<\/p>\n<p style=\"text-align: left;\"><strong>Emails Verificados para Incrementar Ventas<\/strong><\/p>\n<p style=\"text-align: left;\">**Actualizado en Enero 2026**<\/p>\n<p>&nbsp;<\/p>\n<p style=\"text-align: left;\"><strong>Buscando Clientes?<\/strong><\/p>\n<p style=\"text-align: left;\"><strong>Cuanto estar\u00edas dispuesto a invertir por acceder a la <span style=\"text-decoration: underline;\">Informaci\u00f3n Exclusiva de Contacto<\/span> de 362 Agentes de Bienes Ra\u00edces?<\/strong><\/p>\n<p style=\"text-align: left;\"><strong>Seguramente te costar\u00eda mucho tiempo y dinero; no obstante puedes obtenerla en este momento por \u00fanicamente US$ 29, apenas US$ 0.08 por cada registro.<\/strong><\/p>\n<p style=\"text-align: left;\"><strong>No crees que es l\u00f3gico comprar ahora?<\/strong><\/p>\n<p style=\"text-align: left;\"><strong>Empresas Multinacionales la han obtenido!<\/strong><\/p>\n<p>&nbsp;<\/p>\n<p style=\"text-align: left;\"><em><strong>3 RAZONES PARA HACER LA COMPRA:<\/strong><\/em><\/p>\n<ul style=\"text-align: left;\">\n<li><b>Incluye 362 registros de Agentes de Bienes Ra\u00edces con emails verificados a Enero 2026 ideales para\u00a0<\/b><strong>Email Marketing de Gran Impacto<\/strong><b>\u00a0y tel\u00e9fonos celulares para llamas directas de venta y campa\u00f1as por WhatsApp masivo.<\/b><\/li>\n<\/ul>\n<ul style=\"text-align: left;\">\n<li>Prestigiosas Empresas Locales, Regionales\u00a0 y Multinacionales la han obtenido.<\/li>\n<\/ul>\n<ul>\n<li style=\"text-align: left;\">Todos saben que somos \u00fanicos que proveemos una <strong>Base de Datos Agentes de Bienes Ra\u00edces Ecuador con Emails Verificados, Tel\u00e9fonos y Mucho M\u00e1s\u2026<\/strong><\/li>\n<\/ul>\n<p style=\"text-align: left;\">*A tu solicitud podemos enviarte la versi\u00f3n de muestra con la estructura de columnas para verificar el contenido y la informaci\u00f3n exclusiva a la que acceder\u00e1s al hacer la compra; solo debes escribirnos al correo info@directorioempresasecuador.com*<\/p>\n<p>&nbsp;<\/p>\n<p style=\"text-align: left;\"><strong>TODOS SABEN que somos los \u00fanicos que proveemos el M\u00e1s Actual, Relevante y Confiable Directorio Agentes de Bienes Ra\u00edces Ecuador con cuentas de correo electr\u00f3nico verificadas<\/strong> \u2013 ideales para Email Marketing de Gran Impacto.<\/p>\n<p style=\"text-align: left;\"><b>Nuestro Alto Nivel de Precisi\u00f3n de 99% ha permitido Ganarnos la Confianza de Miles de Empresas en Am\u00e9rica Latina, Estados Unidos y Europa \u2013 M\u00e1s de 3000 Clientes Respaldan nuestro servicio.<\/b><\/p>\n<p style=\"text-align: left;\">***Otros proveedores dicen ofrecer informaci\u00f3n con emails verificados, pero no te dicen que la mayor\u00eda de ellos son \u201c<strong>Catch All\u201d<\/strong>\u00a0\u2013\u00a0<strong>te venden emails cuyos servidores aceptan los mensajes, pero la direcci\u00f3n no existe,<\/strong> como ser, emails de personas que dejaron de laborar para una empresa y la cuenta no fue cerrada***<\/p>\n<p>&nbsp;<\/p>\n<p style=\"text-align: left;\"><b><span style=\"text-decoration: underline;\">Tienes 3 opciones<\/span>:<\/b><\/p>\n<ol style=\"text-align: left;\">\n<li>Actuar de forma conformista, poco ambiciosa y renunciar a lograr tus objetivos empresariales.<\/li>\n<li>Comprar en <strong>otro sitio web<\/strong> una base de datos de mala calidad, desorganizada, con registros duplicados y correos desactualizados.<\/li>\n<li><strong>Comprar ahora la mejor informaci\u00f3n disponible, con emails verificados para incrementar tus ventas.\u00a0<\/strong><\/li>\n<\/ol>\n<p style=\"text-align: left;\">Despu\u00e9s de <strong>hacer\u00a0la compra<\/strong> recibir\u00e1s el archivo Excel en tu cuenta de email en un m\u00e1ximo de 4 horas; ya que <strong>en ocasiones estamos saturados de pedidos<\/strong><strong>.\u00a0<\/strong><\/p>\n<p style=\"text-align: left;\"><strong>Estamos completamente seguros de la calidad de nuestra informaci\u00f3n, que si no realizas 10 ventas a clientes nuevos en los siguientes 6 meses te devolvemos tu dinero.<\/strong><\/p>\n<p style=\"text-align: left;\"><span style=\"font-size: 12pt;\"><strong>GARANTIZADO!<\/strong><\/span><\/p>","protected":false},"featured_media":957,"comment_status":"open","ping_status":"closed","template":"","meta":{"_sitemap_exclude":false,"_sitemap_priority":"","_sitemap_frequency":"","neve_meta_sidebar":"","neve_meta_container":"","neve_meta_enable_content_width":"off","neve_meta_content_width":100,"neve_meta_title_alignment":"","neve_meta_author_avatar":"","neve_post_elements_order":"","neve_meta_disable_header":"","neve_meta_disable_footer":"","neve_meta_disable_title":"","neve_meta_reading_time":""},"product_brand":[],"product_cat":[325],"product_tag":[630,375,384,374,383,367,376,373,370,368,369,372,382,379,377,378,381,371,380],"class_list":{"0":"post-693","1":"product","2":"type-product","3":"status-publish","4":"has-post-thumbnail","6":"product_cat-directorios-empresas-ecuador","7":"product_tag-agentes-de-bienes-raices-ecuador","8":"product_tag-asociacion-de-agentes-de-bienes-raices-en-ecuador","9":"product_tag-asociacion-de-agentes-inmobiliarios-en-ecuador","10":"product_tag-directorio-actualiado-de-agentes-de-bienes-raices-en-ecuador","11":"product_tag-directorio-actualiado-de-agentes-inmobiliarios-en-ecuador","12":"product_tag-directorio-agentes-de-bienes-raices-ecuador","13":"product_tag-directorio-agentes-inmobiliarios-ecuador","14":"product_tag-directorio-de-agentes-de-bienes-raices-actualizado-de-ecuador","15":"product_tag-directorio-de-agentes-de-bienes-raices-del-ecuador","16":"product_tag-directorio-de-agentes-de-bienes-raices-ecuador","17":"product_tag-directorio-de-agentes-de-bienes-raices-en-ecuador","18":"product_tag-directorio-de-agentes-de-bienes-raices-excel-ecuador","19":"product_tag-directorio-de-agentes-inmobiliarios-actualizado-de-ecuador","20":"product_tag-directorio-de-agentes-inmobiliarios-del-ecuador","21":"product_tag-directorio-de-agentes-inmobiliarios-ecuador","22":"product_tag-directorio-de-agentes-inmobiliarios-en-ecuador","23":"product_tag-directorio-de-agentes-inmobiliarios-excel-ecuador","24":"product_tag-directorio-excel-de-agentes-de-bienes-raices-en-ecuador","25":"product_tag-directorio-excel-de-agentes-inmobiliarios-en-ecuador","27":"first","28":"instock","29":"featured","30":"virtual","31":"sold-individually","32":"purchasable","33":"product-type-simple"},"_links":{"self":[{"href":"https:\/\/directorioempresasecuador.com\/es\/wp-json\/wp\/v2\/product\/693","targetHints":{"allow":["GET"]}}],"collection":[{"href":"https:\/\/directorioempresasecuador.com\/es\/wp-json\/wp\/v2\/product"}],"about":[{"href":"https:\/\/directorioempresasecuador.com\/es\/wp-json\/wp\/v2\/types\/product"}],"replies":[{"embeddable":true,"href":"https:\/\/directorioempresasecuador.com\/es\/wp-json\/wp\/v2\/comments?post=693"}],"wp:featuredmedia":[{"embeddable":true,"href":"https:\/\/directorioempresasecuador.com\/es\/wp-json\/wp\/v2\/media\/957"}],"wp:attachment":[{"href":"https:\/\/directorioempresasecuador.com\/es\/wp-json\/wp\/v2\/media?parent=693"}],"wp:term":[{"taxonomy":"product_brand","embeddable":true,"href":"https:\/\/directorioempresasecuador.com\/es\/wp-json\/wp\/v2\/product_brand?post=693"},{"taxonomy":"product_cat","embeddable":true,"href":"https:\/\/directorioempresasecuador.com\/es\/wp-json\/wp\/v2\/product_cat?post=693"},{"taxonomy":"product_tag","embeddable":true,"href":"https:\/\/directorioempresasecuador.com\/es\/wp-json\/wp\/v2\/product_tag?post=693"}],"curies":[{"name":"wp","href":"https:\/\/api.w.org\/{rel}","templated":true}]}}