{"id":687,"date":"2026-01-30T13:18:07","date_gmt":"2026-01-30T13:18:07","guid":{"rendered":"https:\/\/directorioempresasecuador.com\/?post_type=product&#038;p=687"},"modified":"2026-02-15T23:33:22","modified_gmt":"2026-02-15T23:33:22","slug":"directorio-de-hoteles-ecuador","status":"publish","type":"product","link":"https:\/\/directorioempresasecuador.com\/es\/producto\/directorio-de-hoteles-ecuador\/","title":{"rendered":"Directorio de Hoteles y Afines Ecuador 2026"},"content":{"rendered":"","protected":false},"excerpt":{"rendered":"<p>&nbsp;<\/p>\n<p style=\"text-align: left;\"><strong>Emails Verificados para Incrementar Ventas<\/strong><\/p>\n<p style=\"text-align: left;\">**Actualizad0 en Enero 2026**<\/p>\n<p>&nbsp;<\/p>\n<p style=\"text-align: left;\"><span style=\"font-size: 12pt;\"><strong>Buscando Clientes?<\/strong><\/span><\/p>\n<p style=\"text-align: left;\"><strong> Cuanto estar\u00edas dispuesto a invertir por acceder a la <span style=\"text-decoration: underline;\">informaci\u00f3n exclusiva de contacto<\/span> de 3,046 Hoteles en Ecuador?<\/strong><\/p>\n<p style=\"text-align: left;\"><strong>Seguramente te costar\u00eda mucho tiempo y dinero; no obstante puedes obtenerla en este momento por \u00fanicamente US$ 99, apenas US$ 0.03 por cada registro.<\/strong><\/p>\n<p style=\"text-align: left;\"><strong>No crees que es l\u00f3gico comprar ahora?<\/strong><\/p>\n<p style=\"text-align: left;\">Multinacionales como <strong>TripAdvisor<\/strong> la han obtenido!<\/p>\n<p>&nbsp;<\/p>\n<p style=\"text-align: left;\"><strong>INCLUYE A LA SIGUIENTE INFORMACI\u00d3N:<\/strong><\/p>\n<ul>\n<li style=\"text-align: left;\"><strong>3,046 registros exclusivos de Hoteles.<\/strong><\/li>\n<li style=\"text-align: left;\"><b>3,246 Email Verificados a Enero 2026 con un Nivel de Precisi\u00f3n de 99% de las cuales 3,090 equivalentes al 95% son cuentas vinculadas a personas espec\u00edficas (No cuentas info@, admin@, administracion@, contacto@, soporte@ ventas@, etc\u2026)<\/b><\/li>\n<li style=\"text-align: left;\"><strong>2,938 tel\u00e9fonos para llamadas de venta.<\/strong><\/li>\n<li style=\"text-align: left;\">633 direcciones de sitios web.<\/li>\n<li style=\"text-align: left;\"><strong>1,966 contactos tomadores de decisiones para hacer lucrativos negocios.<\/strong><\/li>\n<li style=\"text-align: left;\">Todos los registros seccionados por\u00a0<strong>provincia<\/strong>\u00a0y\u00a0<strong>ciudad<\/strong>\u00a0<strong>segmentaci\u00f3n precisa de\u00a0tu estrategia de marketing y ventas.<\/strong><\/li>\n<li style=\"text-align: left;\">1,981 registros con RUC.<\/li>\n<li style=\"text-align: left;\">3,045 registros clasificados por categor\u00eda (1 a 5 estrellas).<\/li>\n<\/ul>\n<p style=\"text-align: left;\">*A tu solicitud podemos enviarte la versi\u00f3n de muestra con la estructura de columnas para verificar el contenido y la informaci\u00f3n exclusiva a la que acceder\u00e1s al hacer la compra; solo debes escribirnos al correo info@directorioempresasecuador.com*<\/p>\n<p>&nbsp;<\/p>\n<p style=\"text-align: left;\"><strong>TODOS SABEN que somos los \u00fanicos que proveemos el M\u00e1s Actual, Relevante y Confiable Directorio\u00a0 de Hoteles Ecuador<\/strong>\u00a0<strong>con cuentas de correo electr\u00f3nico verificadas<\/strong> \u2013 ideales para Email Marketing de Gran Impacto.<\/p>\n<p style=\"text-align: left;\"><b>Nuestro Alto Nivel de Precisi\u00f3n de 99% ha permitido Ganarnos la Confianza de Miles de Empresas en Am\u00e9rica Latina, Estados Unidos y Europa \u2013 M\u00e1s de 3000 Clientes Respaldan nuestro servicio.<\/b><\/p>\n<p style=\"text-align: left;\">***Otros proveedores dicen ofrecer informaci\u00f3n con emails verificados, pero no te dicen que la mayor\u00eda de ellos son \u201c<strong>Catch All\u201d<\/strong>\u00a0\u2013\u00a0<strong>te venden emails cuyos servidores aceptan los mensajes, pero la direcci\u00f3n no existe,<\/strong> como ser, emails de personas que dejaron de laborar para una empresa y la cuenta no fue cerrada***<\/p>\n<p>&nbsp;<\/p>\n<p style=\"text-align: left;\"><b><span style=\"text-decoration: underline;\">Tienes 3 opciones<\/span>:<\/b><\/p>\n<ol style=\"text-align: left;\">\n<li>Actuar de forma conformista, poco ambiciosa y renunciar a lograr tus objetivos empresariales.<\/li>\n<li>Comprar en <strong>otro sitio web<\/strong> una base de datos de mala calidad, desorganizada, con registros duplicados y correos desactualizados.<\/li>\n<li><strong>Comprar ahora la mejor informaci\u00f3n disponible, con emails verificados para incrementar tus ventas.\u00a0<\/strong><\/li>\n<\/ol>\n<p style=\"text-align: left;\">Despu\u00e9s de <strong>hacer\u00a0la compra<\/strong> recibir\u00e1s el archivo Excel en tu cuenta de email en un m\u00e1ximo de 4 horas; ya que <strong>en ocasiones estamos saturados de pedidos<\/strong><strong>.\u00a0<\/strong><\/p>\n<p style=\"text-align: left;\"><strong>Estamos completamente seguros de la calidad de nuestra informaci\u00f3n, que si no realizas 10 ventas a clientes nuevos en los siguientes 6 meses te devolvemos tu dinero.<\/strong><\/p>\n<p style=\"text-align: left;\"><span style=\"font-size: 12pt;\"><strong>GARANTIZADO!<\/strong><\/span><\/p>","protected":false},"featured_media":1885,"comment_status":"open","ping_status":"closed","template":"","meta":{"_sitemap_exclude":false,"_sitemap_priority":"","_sitemap_frequency":"","neve_meta_sidebar":"","neve_meta_container":"","neve_meta_enable_content_width":"off","neve_meta_content_width":100,"neve_meta_title_alignment":"","neve_meta_author_avatar":"","neve_post_elements_order":"","neve_meta_disable_header":"","neve_meta_disable_footer":"","neve_meta_disable_title":"","neve_meta_reading_time":""},"product_brand":[],"product_cat":[325],"product_tag":[366,540,364,361,217,607,359,363,362,360,358],"class_list":{"0":"post-687","1":"product","2":"type-product","3":"status-publish","4":"has-post-thumbnail","6":"product_cat-directorios-empresas-ecuador","7":"product_tag-asociacion-de-hoteles-en-ecuador","8":"product_tag-directorio-actualizado-de-hoteles-en-ecuador","9":"product_tag-directorio-de-hoteles-actualizado-de-ecuador","10":"product_tag-directorio-de-hoteles-del-ecuador","11":"product_tag-directorio-de-hoteles-ecuador","12":"product_tag-directorio-de-hoteles-ecuador-2026","13":"product_tag-directorio-de-hoteles-en-ecuador","14":"product_tag-directorio-de-hoteles-excel-ecuador","15":"product_tag-directorio-excel-de-hoteles-en-ecuador","16":"product_tag-directorio-hotelero-ecuador","17":"product_tag-directorio-hoteles-ecuador","19":"first","20":"instock","21":"featured","22":"virtual","23":"sold-individually","24":"purchasable","25":"product-type-simple"},"_links":{"self":[{"href":"https:\/\/directorioempresasecuador.com\/es\/wp-json\/wp\/v2\/product\/687","targetHints":{"allow":["GET"]}}],"collection":[{"href":"https:\/\/directorioempresasecuador.com\/es\/wp-json\/wp\/v2\/product"}],"about":[{"href":"https:\/\/directorioempresasecuador.com\/es\/wp-json\/wp\/v2\/types\/product"}],"replies":[{"embeddable":true,"href":"https:\/\/directorioempresasecuador.com\/es\/wp-json\/wp\/v2\/comments?post=687"}],"wp:featuredmedia":[{"embeddable":true,"href":"https:\/\/directorioempresasecuador.com\/es\/wp-json\/wp\/v2\/media\/1885"}],"wp:attachment":[{"href":"https:\/\/directorioempresasecuador.com\/es\/wp-json\/wp\/v2\/media?parent=687"}],"wp:term":[{"taxonomy":"product_brand","embeddable":true,"href":"https:\/\/directorioempresasecuador.com\/es\/wp-json\/wp\/v2\/product_brand?post=687"},{"taxonomy":"product_cat","embeddable":true,"href":"https:\/\/directorioempresasecuador.com\/es\/wp-json\/wp\/v2\/product_cat?post=687"},{"taxonomy":"product_tag","embeddable":true,"href":"https:\/\/directorioempresasecuador.com\/es\/wp-json\/wp\/v2\/product_tag?post=687"}],"curies":[{"name":"wp","href":"https:\/\/api.w.org\/{rel}","templated":true}]}}