{"id":2125,"date":"2026-01-30T22:58:19","date_gmt":"2026-01-30T22:58:19","guid":{"rendered":"https:\/\/directorioempresasecuador.com\/?post_type=product&#038;p=2125"},"modified":"2026-02-16T00:17:30","modified_gmt":"2026-02-16T00:17:30","slug":"medicos-especialistas","status":"publish","type":"product","link":"https:\/\/directorioempresasecuador.com\/es\/producto\/medicos-especialistas\/","title":{"rendered":"Directorio M\u00e9dicos Especialistas Ecuador 2026"},"content":{"rendered":"","protected":false},"excerpt":{"rendered":"<p>&nbsp;<\/p>\n<p style=\"text-align: left;\"><strong>Emails Verificados para Incrementar Ventas<\/strong><\/p>\n<p style=\"text-align: left;\">**Actualizado en Enero 2026**<\/p>\n<p>&nbsp;<\/p>\n<p style=\"text-align: left;\"><strong>Buscando Clientes?<\/strong><\/p>\n<p style=\"text-align: left;\"><strong>Cuanto estar\u00edas dispuesto a invertir por acceder a la <span style=\"text-decoration: underline;\">Informaci\u00f3n Exclusiva de Contacto<\/span> de 682 M\u00e9dicos Especialistas en Ecuador?<\/strong><\/p>\n<p style=\"text-align: left;\"><strong>Seguramente te costar\u00eda mucho tiempo y dinero; no obstante puedes obtenerla en este momento por \u00fanicamente US$ 99, apenas US$ 0.14 por cada registro.<\/strong><\/p>\n<p style=\"text-align: left;\"><strong>No crees que es l\u00f3gico comprar ahora?<\/strong><\/p>\n<p style=\"text-align: left;\"><strong>Multinacionales como BAYER la han obtenido!<\/strong><\/p>\n<p>&nbsp;<\/p>\n<p style=\"text-align: left;\"><em><strong>3 RAZONES PARA HACER LA COMPRA:<\/strong><\/em><\/p>\n<ul style=\"text-align: left;\">\n<li>Incluye\u00a0<strong>682 registros de Doctores por Especialidad\u00a0\u00a0<\/strong>con emails,\u00a0<strong>verificados a Enero 2026<\/strong>, tel\u00e9fonos y mucho mas\u2026<\/li>\n<\/ul>\n<ul style=\"text-align: left;\">\n<li>Prestigiosas Empresas, Casas Farmac\u00e9uticas\u00a0 y Multinacionales como\u00a0<strong>BAYER<\/strong>\u00a0lo han obtenido.<\/li>\n<\/ul>\n<ul>\n<li style=\"text-align: left;\">Todos saben que somos los \u00fanicos que proveemos la mejor\u00a0<strong>Base de Datos<\/strong>\u00a0<strong>de<\/strong>\u00a0<b>M\u00e9dicos Especialistas en Ecuador con Emails Verificados, Tel\u00e9fonos y Mucho M\u00e1s\u2026<\/b><\/li>\n<\/ul>\n<p style=\"text-align: left;\">*A tu solicitud podemos enviarte la versi\u00f3n de muestra con la estructura de columnas para verificar el contenido y la informaci\u00f3n exclusiva a la que acceder\u00e1s al hacer la compra; solo debes escribirnos al correo info@directorioempresasecuador.com*<\/p>\n<p>&nbsp;<\/p>\n<p style=\"text-align: left;\"><strong>TODOS SABEN que somos los \u00fanicos que proveemos el M\u00e1s Actual, Relevante y Confiable Directorio\u00a0M\u00e9dicos Especialistas Ecuador con cuentas de correo electr\u00f3nico verificadas<\/strong> \u2013 ideales para Email Marketing de Gran Impacto.<\/p>\n<p style=\"text-align: left;\"><b>Nuestro Alto Nivel de Precisi\u00f3n de 99% ha permitido Ganarnos la Confianza de Miles de Empresas en Am\u00e9rica Latina, Estados Unidos y Europa \u2013 M\u00e1s de 3000 Clientes Respaldan nuestro servicio.<\/b><\/p>\n<p style=\"text-align: left;\">***Otros proveedores dicen ofrecer informaci\u00f3n con emails verificados, pero no te dicen que la mayor\u00eda de ellos son \u201c<strong>Catch All\u201d<\/strong>\u00a0\u2013\u00a0<strong>te venden emails cuyos servidores aceptan los mensajes, pero la direcci\u00f3n no existe,<\/strong> como ser, emails de personas que dejaron de laborar para una empresa y la cuenta no fue cerrada***<\/p>\n<p>&nbsp;<\/p>\n<p style=\"text-align: left;\"><b><span style=\"text-decoration: underline;\">Tienes 3 opciones<\/span>:<\/b><\/p>\n<ol style=\"text-align: left;\">\n<li>Actuar de forma conformista, poco ambiciosa y renunciar a lograr tus objetivos empresariales.<\/li>\n<li>Comprar en <strong>otro sitio web<\/strong> una base de datos de mala calidad, desorganizada, con registros duplicados y correos desactualizados.<\/li>\n<li><strong>Comprar ahora la mejor informaci\u00f3n disponible, con emails verificados para incrementar tus ventas.\u00a0<\/strong><\/li>\n<\/ol>\n<p style=\"text-align: left;\">Despu\u00e9s de <strong>hacer\u00a0la compra<\/strong> recibir\u00e1s el archivo Excel en tu cuenta de email en un m\u00e1ximo de 4 horas; ya que <strong>en ocasiones estamos saturados de pedidos<\/strong><strong>.\u00a0<\/strong><\/p>\n<p style=\"text-align: left;\"><strong>Estamos completamente seguros de la calidad de nuestra informaci\u00f3n, que si no realizas 10 ventas a clientes nuevos en los siguientes 6 meses te devolvemos tu dinero.<\/strong><\/p>\n<p style=\"text-align: left;\"><span style=\"font-size: 12pt;\"><strong>GARANTIZADO!<\/strong><\/span><\/p>","protected":false},"featured_media":972,"comment_status":"open","ping_status":"closed","template":"","meta":{"_sitemap_exclude":false,"_sitemap_priority":"","_sitemap_frequency":"","neve_meta_sidebar":"","neve_meta_container":"","neve_meta_enable_content_width":"off","neve_meta_content_width":100,"neve_meta_title_alignment":"","neve_meta_author_avatar":"","neve_post_elements_order":"","neve_meta_disable_header":"","neve_meta_disable_footer":"","neve_meta_disable_title":"","neve_meta_reading_time":""},"product_brand":[],"product_cat":[325],"product_tag":[764,765,766,767,768,769,770,771,772,773,774,775,776,777,778,779,780,781,782],"class_list":{"0":"post-2125","1":"product","2":"type-product","3":"status-publish","4":"has-post-thumbnail","6":"product_cat-directorios-empresas-ecuador","7":"product_tag-base-de-datos-de-doctores-ecuador","8":"product_tag-consultorios-de-doctores-en-ecuador","9":"product_tag-directorio-actualizado-2026-de-doctores-en-ecuador","10":"product_tag-directorio-actualizado-de-doctores-de-ecuador-2026","11":"product_tag-directorio-actualizado-de-doctores-ecuador","12":"product_tag-directorio-actualizado-de-doctores-en-ecuador","13":"product_tag-directorio-de-clinicas-odontologicas-ecuador-xls","14":"product_tag-directorio-de-doctores-ecuador-2026","15":"product_tag-directorio-de-doctores-ecuador-xls","16":"product_tag-directorio-de-doctores-en-ecuador","17":"product_tag-directorio-de-telefonos-de-doctores-ecuador","18":"product_tag-directorio-del-correos-de-doctores-en-ecuador","19":"product_tag-directorio-excel-de-doctores-en-ecuador","20":"product_tag-directorio-telefonico-de-doctores-ecuador-2026","21":"product_tag-doctores-en-ecuador","22":"product_tag-guia-de-doctores-en-ecuador","23":"product_tag-informacion-de-contacto-de-doctores-ecuador","24":"product_tag-lista-actualizada-de-doctores-en-ecuador","25":"product_tag-listado-de-doctores-en-ecuador","27":"first","28":"instock","29":"featured","30":"virtual","31":"sold-individually","32":"purchasable","33":"product-type-simple"},"_links":{"self":[{"href":"https:\/\/directorioempresasecuador.com\/es\/wp-json\/wp\/v2\/product\/2125","targetHints":{"allow":["GET"]}}],"collection":[{"href":"https:\/\/directorioempresasecuador.com\/es\/wp-json\/wp\/v2\/product"}],"about":[{"href":"https:\/\/directorioempresasecuador.com\/es\/wp-json\/wp\/v2\/types\/product"}],"replies":[{"embeddable":true,"href":"https:\/\/directorioempresasecuador.com\/es\/wp-json\/wp\/v2\/comments?post=2125"}],"wp:featuredmedia":[{"embeddable":true,"href":"https:\/\/directorioempresasecuador.com\/es\/wp-json\/wp\/v2\/media\/972"}],"wp:attachment":[{"href":"https:\/\/directorioempresasecuador.com\/es\/wp-json\/wp\/v2\/media?parent=2125"}],"wp:term":[{"taxonomy":"product_brand","embeddable":true,"href":"https:\/\/directorioempresasecuador.com\/es\/wp-json\/wp\/v2\/product_brand?post=2125"},{"taxonomy":"product_cat","embeddable":true,"href":"https:\/\/directorioempresasecuador.com\/es\/wp-json\/wp\/v2\/product_cat?post=2125"},{"taxonomy":"product_tag","embeddable":true,"href":"https:\/\/directorioempresasecuador.com\/es\/wp-json\/wp\/v2\/product_tag?post=2125"}],"curies":[{"name":"wp","href":"https:\/\/api.w.org\/{rel}","templated":true}]}}