{"id":2108,"date":"2026-01-30T19:13:20","date_gmt":"2026-01-30T19:13:20","guid":{"rendered":"https:\/\/directorioempresasecuador.com\/?post_type=product&#038;p=2108"},"modified":"2026-02-16T22:25:32","modified_gmt":"2026-02-16T22:25:32","slug":"directorio-empresas-galapagos","status":"publish","type":"product","link":"https:\/\/directorioempresasecuador.com\/es\/producto\/directorio-empresas-galapagos\/","title":{"rendered":"Directorio Empresas Gal\u00e1pagos 2026"},"content":{"rendered":"","protected":false},"excerpt":{"rendered":"<p>&nbsp;<\/p>\n<p style=\"text-align: left;\"><strong>Emails Verificados para Incrementar Ventas<\/strong><\/p>\n<p style=\"text-align: left;\">**Actualizado en Enero 2026**<\/p>\n<p>&nbsp;<\/p>\n<p style=\"text-align: left;\"><span style=\"font-size: 12pt;\"><strong>Buscando Clientes?<\/strong><\/span><\/p>\n<p style=\"text-align: left;\"><strong> Cuanto estar\u00edas dispuesto a invertir por acceder a la <span style=\"text-decoration: underline;\">Exclusiva Informaci\u00f3n de Contacto<\/span> de 994 Empresas en Gal\u00e1pagos?<\/strong><\/p>\n<p style=\"text-align: left;\"><strong>Seguramente te costar\u00eda mucho tiempo y dinero; no obstante puedes obtenerla en este momento por \u00fanicamente US$ 39, apenas US$ 0.04 por cada registro.<\/strong><\/p>\n<p style=\"text-align: left;\"><strong>No crees que es l\u00f3gico comprar ahora?<\/strong><\/p>\n<p style=\"text-align: left;\"><strong>Empresas Multinacionales la han obtenido!<\/strong><\/p>\n<p>&nbsp;<\/p>\n<p style=\"text-align: left;\"><strong>INCLUYE LA SIGUIENTE INFORMACION:<\/strong><\/p>\n<ul style=\"text-align: left;\">\n<li><strong>994 registros de empresas con nombre y por industria en Gal\u00e1pagos.<\/strong><\/li>\n<li><b>1,054 Emails verificados a Enero 2026 \u2013 con un Nivel de Precisi\u00f3n de 99% de las cuales 994 equivalentes a 94% son cuentas vinculadas a personas espec\u00edficas (No cuentas info@, admin@, administracion@, contacto@, soporte@ ventas@, etc\u2026)<\/b><\/li>\n<li>500 registros con <strong>n\u00famero de empleados<\/strong>\u00a0como variable relacional del tama\u00f1o de cada empresa.<\/li>\n<li><strong>951 tel\u00e9fonos para llamadas de venta.<\/strong><\/li>\n<li>227 direcciones de p\u00e1ginas web.<\/li>\n<li><strong>594 contactos tomadores de decisiones para hacer lucrativos negocios.<\/strong><\/li>\n<li>211 registros con monto de activos.<\/li>\n<li>150 registros por ingresos venta.<\/li>\n<li>636 registros con RUC y mucho mas&#8230;<\/li>\n<\/ul>\n<p style=\"text-align: left;\">Como prueba de <strong>transparencia<\/strong> para\u00a0<strong>comprar<\/strong> podemos mostrarte la versi\u00f3n\u00a0completa v\u00eda\u00a0<strong>Zoom<\/strong>; solo debes escribirnos al correo electr\u00f3nico info@directorioempresasecuador.com<\/p>\n<p style=\"text-align: left;\"><strong><a href=\"https:\/\/directorioempresasecuador.com\/es\/gratis\/\" target=\"_blank\" rel=\"noopener\"><span style=\"text-decoration: underline;\">Puedes Descargar Gratis la Muestra Aqu\u00ed<\/span><\/a><\/strong><\/p>\n<p style=\"text-align: left;\"><em>***La versi\u00f3n de muestra incluye todo Ecuador; al hacer la compra recibir\u00e1s \u00fanicamente la informaci\u00f3n de Gal\u00e1pagos**<\/em><\/p>\n<p>&nbsp;<\/p>\n<p style=\"text-align: left;\"><strong>TODOS SABEN que somos los \u00fanicos que proveemos el M\u00e1s Actual, Relevante y Confiable<\/strong> <strong>Directorio Empresas Gal\u00e1pagos con cuentas de correo electr\u00f3nico verificadas<\/strong> \u2013\u00a0ideales para\u00a0<strong>Email Marketing de Gran Impacto.<\/strong><\/p>\n<p style=\"text-align: left;\"><b>Nuestro Alto Nivel de Precisi\u00f3n de 99% ha permitido Ganarnos la Confianza de Miles de Empresas en Am\u00e9rica Latina, Estados Unidos y Europa \u2013 M\u00e1s de 3000 Clientes Respaldan nuestro servicio.<\/b><\/p>\n<p style=\"text-align: left;\">***Otros proveedores dicen ofrecer informaci\u00f3n con emails verificados, pero no te dicen que la mayor\u00eda de ellos son \u201c<strong>Catch All\u201d<\/strong>\u00a0\u2013\u00a0<strong>te venden emails cuyos servidores aceptan los mensajes, pero la direcci\u00f3n no existe,<\/strong> como ser, emails de personas que dejaron de laborar para una empresa y la cuenta no fue cerrada***<\/p>\n<p>&nbsp;<\/p>\n<p style=\"text-align: left;\"><b><span style=\"text-decoration: underline;\">Tienes 3 opciones<\/span>:<\/b><\/p>\n<ol style=\"text-align: left;\">\n<li>Actuar de forma conformista, poco ambiciosa y renunciar a lograr tus objetivos empresariales.<\/li>\n<li>Comprar en <strong>otro sitio web<\/strong> una base de datos de mala calidad, desorganizada, con registros duplicados y correos desactualizados.<\/li>\n<li><strong>Comprar ahora la mejor informaci\u00f3n de empresas disponible en Colombia, con emails verificados para incrementar tus ventas.\u00a0<\/strong><\/li>\n<\/ol>\n<p style=\"text-align: left;\">Despu\u00e9s de <strong>hacer\u00a0la compra<\/strong> recibir\u00e1s el archivo Excel en tu cuenta de email en un m\u00e1ximo de 4 horas; ya que <strong>en ocasiones estamos saturados de pedidos<\/strong><strong>.\u00a0<\/strong><\/p>\n<p style=\"text-align: left;\"><strong>Estamos completamente seguros de la calidad de nuestra informaci\u00f3n, que si no realizas 10 ventas a clientes nuevos en los siguientes 6 meses te devolvemos tu dinero.<\/strong><\/p>\n<p style=\"text-align: left;\"><span style=\"font-size: 14pt;\"><strong>Bonus!!!<\/strong><\/span><\/p>\n<p style=\"text-align: left;\"><strong>Recibir\u00e1s gratis durante 1 a\u00f1o las actualizaciones realizadas.\u00a0<\/strong><\/p>\n<p style=\"text-align: left;\"><span style=\"font-size: 12pt;\"><strong>GARANTIZADO!<\/strong><\/span><\/p>","protected":false},"featured_media":2111,"comment_status":"open","ping_status":"closed","template":"","meta":{"_sitemap_exclude":false,"_sitemap_priority":"","_sitemap_frequency":"","neve_meta_sidebar":"","neve_meta_container":"","neve_meta_enable_content_width":"off","neve_meta_content_width":100,"neve_meta_title_alignment":"","neve_meta_author_avatar":"","neve_post_elements_order":"","neve_meta_disable_header":"","neve_meta_disable_footer":"","neve_meta_disable_title":"","neve_meta_reading_time":""},"product_brand":[],"product_cat":[325],"product_tag":[723,722,724,726,727,728,725,729,730,731,732,733,734,735],"class_list":{"0":"post-2108","1":"product","2":"type-product","3":"status-publish","4":"has-post-thumbnail","6":"product_cat-directorios-empresas-ecuador","7":"product_tag-directorio-comercial-de-empresas-galapagos","8":"product_tag-directorio-comercial-galapagos","9":"product_tag-directorio-de-companias-en-galapagos","10":"product_tag-directorio-de-empresas-del-galapagos","11":"product_tag-directorio-de-empresas-en-galapagos","12":"product_tag-directorio-de-empresas-excel-galapagos","13":"product_tag-directorio-de-empresas-galapagos","14":"product_tag-directorio-de-establecimientos-galapagos","15":"product_tag-directorio-de-negocios-galapagos","16":"product_tag-directorio-empresarial-galapagos","17":"product_tag-directorio-empresas-galapagos","18":"product_tag-directorio-empresas-grandes-galapagos","19":"product_tag-directorio-excel-de-empresas-en-galapagos","20":"product_tag-empresas-en-la-provincia-de-galapagos","22":"first","23":"instock","24":"featured","25":"virtual","26":"sold-individually","27":"purchasable","28":"product-type-simple"},"_links":{"self":[{"href":"https:\/\/directorioempresasecuador.com\/es\/wp-json\/wp\/v2\/product\/2108","targetHints":{"allow":["GET"]}}],"collection":[{"href":"https:\/\/directorioempresasecuador.com\/es\/wp-json\/wp\/v2\/product"}],"about":[{"href":"https:\/\/directorioempresasecuador.com\/es\/wp-json\/wp\/v2\/types\/product"}],"replies":[{"embeddable":true,"href":"https:\/\/directorioempresasecuador.com\/es\/wp-json\/wp\/v2\/comments?post=2108"}],"wp:featuredmedia":[{"embeddable":true,"href":"https:\/\/directorioempresasecuador.com\/es\/wp-json\/wp\/v2\/media\/2111"}],"wp:attachment":[{"href":"https:\/\/directorioempresasecuador.com\/es\/wp-json\/wp\/v2\/media?parent=2108"}],"wp:term":[{"taxonomy":"product_brand","embeddable":true,"href":"https:\/\/directorioempresasecuador.com\/es\/wp-json\/wp\/v2\/product_brand?post=2108"},{"taxonomy":"product_cat","embeddable":true,"href":"https:\/\/directorioempresasecuador.com\/es\/wp-json\/wp\/v2\/product_cat?post=2108"},{"taxonomy":"product_tag","embeddable":true,"href":"https:\/\/directorioempresasecuador.com\/es\/wp-json\/wp\/v2\/product_tag?post=2108"}],"curies":[{"name":"wp","href":"https:\/\/api.w.org\/{rel}","templated":true}]}}