{"id":1893,"date":"2026-01-30T15:41:50","date_gmt":"2026-01-30T15:41:50","guid":{"rendered":"https:\/\/directorioempresasecuador.com\/?post_type=product&#038;p=1893"},"modified":"2026-02-16T20:46:55","modified_gmt":"2026-02-16T20:46:55","slug":"directorio-empresas-mantenimiento-y-reparacion-de-vehiculos-ecuador","status":"publish","type":"product","link":"https:\/\/directorioempresasecuador.com\/es\/producto\/directorio-empresas-mantenimiento-y-reparacion-de-vehiculos-ecuador\/","title":{"rendered":"Directorio Empresas de Mantenimiento y Reparaci\u00f3n de Veh\u00edculos Ecuador 2026"},"content":{"rendered":"","protected":false},"excerpt":{"rendered":"<p>&nbsp;<\/p>\n<p style=\"text-align: left;\"><strong>Emails Verificados para Incrementar Ventas<\/strong><\/p>\n<p style=\"text-align: left;\">**Actualizado en Enero 2026**<\/p>\n<p>&nbsp;<\/p>\n<p style=\"text-align: left;\"><span style=\"font-size: 12pt;\"><strong>Buscando Clientes?<\/strong><\/span><\/p>\n<p style=\"text-align: left;\"><strong> Cuanto estar\u00edas dispuesto a invertir por acceder a la <span style=\"text-decoration: underline;\">informaci\u00f3n exclusiva de contacto<\/span> de 211 Empresas de Mantenimiento y Reparaci\u00f3n de Veh\u00edculos en Ecuador?<\/strong><\/p>\n<p style=\"text-align: left;\"><strong>Seguramente te costar\u00eda mucho tiempo y dinero; no obstante puedes obtenerla en este momento por \u00fanicamente US$ 19, apenas US$ 0.09 por cada registro.<\/strong><\/p>\n<p style=\"text-align: left;\"><strong>No crees que es l\u00f3gico comprar ahora?<\/strong><\/p>\n<p style=\"text-align: left;\">Mas de\u00a0<strong>3,000 Clientes<\/strong>\u00a0Respaldan Nuestro Servicio!<\/p>\n<p>&nbsp;<\/p>\n<p style=\"text-align: left;\"><strong>INCLUYE A LA SIGUIENTE INFORMACI\u00d3N:<\/strong><\/p>\n<ul style=\"text-align: left;\">\n<li><strong>211 registros de empresas de mantenimiento y reparaci\u00f3n de veh\u00edculos<\/strong><\/li>\n<li><b>Todos los registros con Emails verificados a Enero 2026 \u2013 con un Nivel de Precisi\u00f3n de 99% de las cuales 206\u00a0 equivalentes a 97% son cuentas vinculadas a personas espec\u00edficas (No cuentas info@, admin@, administracion@, contacto@, soporte@ ventas@, etc\u2026)<\/b><\/li>\n<li>191 los registros con <strong>n\u00famero de empleados<\/strong>\u00a0como variable relacional del tama\u00f1o de cada empresa.<\/li>\n<li><strong>206 tel\u00e9fonos para llamadas de venta.<\/strong><\/li>\n<li>11 direcciones de p\u00e1ginas web.<\/li>\n<li><strong>198 contactos tomadores de decisiones para hacer lucrativos negocios.<\/strong><\/li>\n<li>Todos los registros seccionados <strong>geogr\u00e1ficamente por provincia y ciudad<\/strong>\u00a0para\u00a0<strong>segmentaci\u00f3n precisa de\u00a0tu estrategia de marketing y ventas.<\/strong><\/li>\n<li>149 registros con monto de activos.<\/li>\n<li>126 registros por ingresos venta.<\/li>\n<li>202 registros con RUC y mucho mas&#8230;<\/li>\n<\/ul>\n<p style=\"text-align: left;\">*A tu solicitud podemos enviarte la versi\u00f3n de muestra con la estructura de columnas para verificar el contenido y la informaci\u00f3n exclusiva a la que acceder\u00e1s al hacer la compra; solo debes escribirnos al correo info@directorioempresasecuador.com*<\/p>\n<p>&nbsp;<\/p>\n<p style=\"text-align: left;\"><strong>TODOS SABEN que somos los \u00fanicos que proveemos el M\u00e1s Actual, Relevante y Confiable Directorio Empresas de Mantenimiento y Reparaci\u00f3n de Veh\u00edculos Ecuador\u00a0 <\/strong><strong>con cuentas de correo electr\u00f3nico verificadas<\/strong> \u2013 ideales para Email Marketing de Gran Impacto.<\/p>\n<p style=\"text-align: left;\"><b>Nuestro Alto Nivel de Precisi\u00f3n de 99% ha permitido Ganarnos la Confianza de Miles de Empresas en Am\u00e9rica Latina, Estados Unidos y Europa \u2013 M\u00e1s de 3000 Clientes Respaldan nuestro servicio.<\/b><\/p>\n<p style=\"text-align: left;\">***Otros proveedores dicen ofrecer informaci\u00f3n con emails verificados, pero no te dicen que la mayor\u00eda de ellos son \u201c<strong>Catch All\u201d<\/strong>\u00a0\u2013\u00a0<strong>te venden emails cuyos servidores aceptan los mensajes, pero la direcci\u00f3n no existe,<\/strong> como ser, emails de personas que dejaron de laborar para una empresa y la cuenta no fue cerrada***<\/p>\n<p>&nbsp;<\/p>\n<p style=\"text-align: left;\"><b><span style=\"text-decoration: underline;\">Tienes 3 opciones<\/span>:<\/b><\/p>\n<ol style=\"text-align: left;\">\n<li>Actuar de forma conformista, poco ambiciosa y renunciar a lograr tus objetivos empresariales.<\/li>\n<li>Comprar en <strong>otro sitio web<\/strong> una base de datos de mala calidad, desorganizada, con registros duplicados y correos desactualizados.<\/li>\n<li><strong>Comprar ahora la mejor informaci\u00f3n disponible, con emails verificados para incrementar tus ventas.\u00a0<\/strong><\/li>\n<\/ol>\n<p style=\"text-align: left;\">Despu\u00e9s de <strong>hacer\u00a0la compra<\/strong> recibir\u00e1s el archivo Excel en tu cuenta de email en un m\u00e1ximo de 4 horas; ya que <strong>en ocasiones estamos saturados de pedidos<\/strong><strong>.\u00a0<\/strong><\/p>\n<p style=\"text-align: left;\"><strong>Estamos completamente seguros de la calidad de nuestra informaci\u00f3n, que si no realizas 10 ventas a clientes nuevos en los siguientes 6 meses te devolvemos tu dinero.<\/strong><\/p>\n<p style=\"text-align: left;\"><span style=\"font-size: 12pt;\"><strong>GARANTIZADO!<\/strong><\/span><\/p>","protected":false},"featured_media":1894,"comment_status":"open","ping_status":"closed","template":"","meta":{"_sitemap_exclude":false,"_sitemap_priority":"","_sitemap_frequency":"","neve_meta_sidebar":"","neve_meta_container":"","neve_meta_enable_content_width":"on","neve_meta_content_width":100,"neve_meta_title_alignment":"","neve_meta_author_avatar":"","neve_post_elements_order":"","neve_meta_disable_header":"","neve_meta_disable_footer":"","neve_meta_disable_title":"","neve_meta_reading_time":""},"product_brand":[],"product_cat":[325],"product_tag":[633,636,635,634,632],"class_list":{"0":"post-1893","1":"product","2":"type-product","3":"status-publish","4":"has-post-thumbnail","6":"product_cat-directorios-empresas-ecuador","7":"product_tag-directorio-de-talleres-en-ecuador","8":"product_tag-directorio-excel-de-talleres-en-ecuador","9":"product_tag-lista-de-talleres-mecanicos-en-ecuador","10":"product_tag-listado-de-talleres-mecanicos-en-ecuador","11":"product_tag-talleres-mecanicos-en-ecuador","13":"first","14":"instock","15":"featured","16":"virtual","17":"sold-individually","18":"purchasable","19":"product-type-simple"},"_links":{"self":[{"href":"https:\/\/directorioempresasecuador.com\/es\/wp-json\/wp\/v2\/product\/1893","targetHints":{"allow":["GET"]}}],"collection":[{"href":"https:\/\/directorioempresasecuador.com\/es\/wp-json\/wp\/v2\/product"}],"about":[{"href":"https:\/\/directorioempresasecuador.com\/es\/wp-json\/wp\/v2\/types\/product"}],"replies":[{"embeddable":true,"href":"https:\/\/directorioempresasecuador.com\/es\/wp-json\/wp\/v2\/comments?post=1893"}],"wp:featuredmedia":[{"embeddable":true,"href":"https:\/\/directorioempresasecuador.com\/es\/wp-json\/wp\/v2\/media\/1894"}],"wp:attachment":[{"href":"https:\/\/directorioempresasecuador.com\/es\/wp-json\/wp\/v2\/media?parent=1893"}],"wp:term":[{"taxonomy":"product_brand","embeddable":true,"href":"https:\/\/directorioempresasecuador.com\/es\/wp-json\/wp\/v2\/product_brand?post=1893"},{"taxonomy":"product_cat","embeddable":true,"href":"https:\/\/directorioempresasecuador.com\/es\/wp-json\/wp\/v2\/product_cat?post=1893"},{"taxonomy":"product_tag","embeddable":true,"href":"https:\/\/directorioempresasecuador.com\/es\/wp-json\/wp\/v2\/product_tag?post=1893"}],"curies":[{"name":"wp","href":"https:\/\/api.w.org\/{rel}","templated":true}]}}