{"id":374,"date":"2022-04-11T12:49:34","date_gmt":"2022-04-11T12:49:34","guid":{"rendered":"https:\/\/directorioempresasecuador.com\/?page_id=374"},"modified":"2025-05-27T13:40:04","modified_gmt":"2025-05-27T13:40:04","slug":"formas-de-pago","status":"publish","type":"page","link":"https:\/\/directorioempresasecuador.com\/es\/formas-de-pago\/","title":{"rendered":"Formas de Pago"},"content":{"rendered":"<p class=\"has-vivid-cyan-blue-color has-text-color\">&nbsp;<\/p>\n\n\n<p><strong>Para comprar de forma r\u00e1pida, f\u00e1cil y segura tenemos a tu disposici\u00f3n 4 formas de pago<\/strong>; en todas ellas el archivo Excel es enviado despu\u00e9s de confirmar la compra respondiendo al mensaje enviado a tu cuenta de email desde la direcci\u00f3n de correo <span style=\"color: #0000ff;\">info@redmediasolutions.com; <\/span>despu\u00e9s de hacerlo recibir\u00e1s el archivo Excel en un lapso <strong>m\u00e1ximo de 24 horas<\/strong>, ya que en ocasiones estamos saturados de pedidos \u2013 <strong>Garantizado<\/strong><\/p>\n<p><strong>Si realizas la compra durante el fin de semana, podr\u00edamos demorar 48 horas.<\/strong> \u00a0<\/p>\n<p><strong>1. PayPal<\/strong> a trav\u00e9s de nuestro sitio web siguiendo los pasos indicados o enviando el pago directamente a la cuenta <strong>info@redmediasolutions.com<\/strong>.<\/p>\n<p><strong>2. Tarjeta de cr\u00e9dito 100% Seguro<\/strong> (Usamos certificado de seguridad SSL, el est\u00e1ndar mundial para transacciones online) \u2013 tarjetas aceptadas: VISA, MasterCard, AMERICAN EXPRESS, DISCOVER, JCB y Diners Club INTERNATIONAL.<\/p>\n<p><strong>3. WESTERN UNION<\/strong> \u2013 con este m\u00e9todo \u00e9l envi\u00f3 se hace una vez verificado el pago mediante el NUMERO DE ORDEN (ORDER NUMBER) y enviado la evidencia al correo electr\u00f3nico <strong>info@directorioempresasecuador.com<\/strong><\/p>\n<p>DETALLES DEL RECEPTOR<\/p>\n<p>Primer Nombre: OSDY<br \/>Primer Apellido: OCHOA<br \/>Segundo Apellido: CERRATO<br \/>Ciudad: Saint Cloud<br \/>Estado: Florida<br \/>Pa\u00eds: Estados Unidos de Am\u00e9rica<\/p>\n<p>En caso de hacer la compra mediante Western Uni\u00f3n deber\u00e1s pagar adicionalmente el valor de la transferencia o giro; caso contrario no podremos hacer \u00e9l envi\u00f3.<\/p>\n<p><strong>4. Transferencia bancaria <\/strong>&#8211; detalles proporcionados \u00fanicamente por correo electr\u00f3nico a dominios empresariales.<\/p>\n<p><span style=\"text-decoration: underline;\"><strong>IMPORTANTE<\/strong><\/span><\/p>\n<p><strong>*Todos los valores son expresados en D\u00f3lares (US$) de los Estados Unidos de Am\u00e9rica*<\/strong><\/p>","protected":false},"excerpt":{"rendered":"<p>&nbsp; Para comprar de forma r\u00e1pida, f\u00e1cil y segura tenemos a tu disposici\u00f3n 4 formas de pago; en todas ellas el archivo Excel es enviado despu\u00e9s de confirmar la compra respondiendo al mensaje enviado a tu cuenta de email desde la direcci\u00f3n de correo info@redmediasolutions.com; despu\u00e9s de hacerlo recibir\u00e1s el archivo Excel en un lapso&hellip;&nbsp;<\/p>\n<div class=\"read-more-wrapper\"><a href=\"https:\/\/directorioempresasecuador.com\/es\/formas-de-pago\/\" class=\"button button-primary\" rel=\"bookmark\">Leer Mas \u00bb<span class=\"screen-reader-text\">Formas de Pago<\/span><\/a><\/div>","protected":false},"author":1,"featured_media":0,"parent":0,"menu_order":0,"comment_status":"closed","ping_status":"closed","template":"","meta":{"_sitemap_exclude":false,"_sitemap_priority":"","_sitemap_frequency":"","neve_meta_sidebar":"","neve_meta_container":"","neve_meta_enable_content_width":"","neve_meta_content_width":0,"neve_meta_title_alignment":"","neve_meta_author_avatar":"","neve_post_elements_order":"","neve_meta_disable_header":"","neve_meta_disable_footer":"","neve_meta_disable_title":"","neve_meta_reading_time":"","footnotes":""},"class_list":["post-374","page","type-page","status-publish","hentry"],"_links":{"self":[{"href":"https:\/\/directorioempresasecuador.com\/es\/wp-json\/wp\/v2\/pages\/374","targetHints":{"allow":["GET"]}}],"collection":[{"href":"https:\/\/directorioempresasecuador.com\/es\/wp-json\/wp\/v2\/pages"}],"about":[{"href":"https:\/\/directorioempresasecuador.com\/es\/wp-json\/wp\/v2\/types\/page"}],"author":[{"embeddable":true,"href":"https:\/\/directorioempresasecuador.com\/es\/wp-json\/wp\/v2\/users\/1"}],"replies":[{"embeddable":true,"href":"https:\/\/directorioempresasecuador.com\/es\/wp-json\/wp\/v2\/comments?post=374"}],"version-history":[{"count":5,"href":"https:\/\/directorioempresasecuador.com\/es\/wp-json\/wp\/v2\/pages\/374\/revisions"}],"predecessor-version":[{"id":2192,"href":"https:\/\/directorioempresasecuador.com\/es\/wp-json\/wp\/v2\/pages\/374\/revisions\/2192"}],"wp:attachment":[{"href":"https:\/\/directorioempresasecuador.com\/es\/wp-json\/wp\/v2\/media?parent=374"}],"curies":[{"name":"wp","href":"https:\/\/api.w.org\/{rel}","templated":true}]}}