{"id":360,"date":"2022-04-11T12:16:46","date_gmt":"2022-04-11T12:16:46","guid":{"rendered":"https:\/\/directorioempresasecuador.com\/?page_id=360"},"modified":"2022-04-18T01:31:34","modified_gmt":"2022-04-18T01:31:34","slug":"terminos-y-condiciones","status":"publish","type":"page","link":"https:\/\/directorioempresasecuador.com\/es\/terminos-y-condiciones\/","title":{"rendered":"T\u00e9rminos y Condiciones"},"content":{"rendered":"<p><strong><em>Todas las compras est\u00e1n sujetas a los siguientes T\u00e9rminos y Condiciones:<\/em><\/strong><\/p>\n\n\n\n<p><\/p>\n\n\n\n<p>1) NUESTROS DIRECTORIOS DE EMPRESAS SON PARA USO EXCLUSIVO DEL COMPRADOR Y SUS REPRESENTANTES \u2013 BAJO NINGUNA CIRCUNSTANCIA PODR\u00c1N SER REVENDIDOS, PRESTADOS O TRANSFERIDOS A TERCERAS PERSONAS O EMPRESAS.<br>EN ORDEN DE PROTEGER NUESTRO NEGOCIO HEMOS INCLUIDO UN N\u00daMERO REDUCIDO DE CUENTAS DE EMAIL DE NUESTRA PROPIEDAD A FIN DE MONITOREAR EL USO DE LOS MISMOS. UTILIZAREMOS TODAS LAS INSTANCIAS LEGALES DISPONIBLES POR EL GOBIERNO DE ESTADOS UNIDOS DE AM\u00c9RICA CONTRA LAS PERSONAS O EMPRESAS QUE REVENDAN, PRESTEN O LOS TRANSFIERAN \u2013 UTILIZAMOS SOFTWARE ESPECIAL Y T\u00c1CTICAS AVANZADAS PARA RASTREAR ESTOS EVENTOS.&nbsp;<\/p>\n\n\n\n<p>2) Pese a que nuestros Directorios de Empresas han sido recolectados a trav\u00e9s de fuentes secundarias en internet (PUBLIC RECORDS) utilizando t\u00e9cnicas sofisticadas de b\u00fasqueda, extracci\u00f3n manual de datos en directorios empresariales, recopilaci\u00f3n de emails en p\u00e1ginas web de empresas y directorios online; no podemos garantizar que el propietario de las direcciones de correo electr\u00f3nico haya solicitado recibir mensajes comerciales \u2013 al usar nuestros Directorios de Empresas debes cumplir con las leyes y regulaciones de tu pa\u00eds relacionadas con el correo electr\u00f3nico y el marketing directo.<\/p>\n\n\n\n<p>3) Los compradores de nuestros Directorios de Empresas aceptan que todas las direcciones de email han sido recopiladas a trav\u00e9s de la web, por lo tanto no somos responsables si algunos servicios o programas rechazan enviar o recibir los mensajes; en todo caso si estas pensado hacer email marketing y no tienes experiencia te sugerimos contratar los servicios de una agencia de publicidad o experto en el tema.<\/p>\n\n\n\n<p>4) No tenemos responsabilidad de proporcionar asistencia o asesoramiento sobre c\u00f3mo utilizar nuestros Directorios de Empresas; sin embargo como cortes\u00eda podr\u00edamos publicar p\u00e1ginas de ayuda en nuestro sitio web.<\/p>\n\n\n\n<p><strong>5) No hay data perfecta;<\/strong>&nbsp;no obstante nuestro m\u00e9todo de recolecci\u00f3n a trav\u00e9s de la web provee el mayor grado de confianza; podemos asegurarte que cada cuenta de email es \u00fanica \u2013 no hay duplicados, hemos invertido extensas horas de trabajo en depuraci\u00f3n, limpieza \u2013 y filtrado para proporcionar los mejores Directorios de Empresas en Excel disponibles en Ecuador \u2013 TE ASEGURAMOS QUE ESTA INFORMACI\u00d3N NO LA ENCONTRARAS EN OTRO LUGAR; cada cuenta de email ha sido verificada con la \u00faltima tecnolog\u00eda para en T\u00c9RMINOS RAZONABLES evitar enviar mensajes a cuentas inexistentes.<\/p>\n\n\n\n<p>Nuestro proceso de verificaci\u00f3n incluye la revisi\u00f3n de la sintaxis acorde a los est\u00e1ndares internacionales; as\u00ed como la confirmaci\u00f3n de la existencia del dominio y su vinculaci\u00f3n a un servidor de correo electr\u00f3nico \u2014 Se entiende que si la cuenta de email existe la probabilidad que los datos asociados a esta tambi\u00e9n \u2013 los n\u00fameros de tel\u00e9fono y dem\u00e1s informaci\u00f3n no incluye ning\u00fan proceso de verificaci\u00f3n directo.<\/p>\n\n\n\n<p>6) Como prueba de nuestra transparencia antes de realizar la compra podemos mostrarte v\u00eda Skype o Zoom el Directorio de Empresas de tu inter\u00e9s. Para solicitar lo anterior escr\u00edbenos a la direcci\u00f3n:&nbsp;<strong>info@redmediasolutions.com<\/strong>; tambi\u00e9n podemos enviar v\u00eda email muestras estad\u00edsticas de registros aleatorios con un nivel de confianza del 95% y margen de error del 5% para que puedas realizar tu verificaci\u00f3n.<\/p>\n\n\n\n<p>7) No somos responsables de los mensajes de correo electr\u00f3nico rechazados con errores que est\u00e1n fuera de nuestro control, tales como \u201cusuario fuera de cuota\u201d, \u201ctiempo de espera del servidor\u201d, \u201cbuz\u00f3n lleno\u201d, \u201cbloqueado debido al contenido\u201d, \u201cservidor temporalmente no disponible\u201d u otro tipo de rechazo denominado \u201cRebote Suave (Soft Bounce)\u201d; tampoco asumimos responsabilidad por los correos electr\u00f3nicos rechazados o no enviados (Hard Bounce) debido a medidas de seguridad implementadas o condiciones t\u00e9cnicas espec\u00edficas al software de env\u00edo.<\/p>\n\n\n\n<p>8) NO ACEPTAMOS RECLAMACIONES DE NING\u00daN TIPO POR CORREOS ELECTR\u00d3NICOS DEVUELTOS O RECHAZADOS COMO; \u201cLA CUENTA NO EXISTE\u201d, \u201cEL DOMINIO NO EXISTE\u201d, \u201cEL BUZ\u00d3N DE MENSAJE NO EXISTE\u201d DEBIDO A QUE DURANTE EL TIEMPO LAS CUENTAS DE CORREO ELECTR\u00d3NICO PUEDEN ESTAR SUJETAS A CAMBIOS COMO RESULTADO DE DIFERENTES SITUACIONES, COMO; CIERRE Y REUBICACI\u00d3N DE NEGOCIOS, RETIRO\/ DESPIDO DE PERSONAS O ASPECTOS T\u00c9CNICOS DEL SOFTWARE DE ENV\u00cdO.<\/p>\n\n\n\n<p>9) No somos responsables de los mensajes enviados que violen las leyes nacionales o internacionales.<\/p>\n\n\n\n<p>10) Los compradores otorgan consentimiento a RED MEDIA SOLUTIONS LLC para utilice su nombre para fines de marketing y ventas en forma de texto, logo, testimonio u otro medio para la promoci\u00f3n de sus productos y servicios.<\/p>\n\n\n\n<p><strong>FORMAS DE ENV\u00cdO<\/strong><br>11) Los Directorios de Empresas se env\u00edan a trav\u00e9s de correo electr\u00f3nico en formato XLS en un lapso m\u00e1ximo de 4 horas despu\u00e9s de recibido el pago, en ocasiones podr\u00edamos demorar hasta 24 horas si la compra es realizada en horas nocturnas o durante los fines de semana.<\/p>\n\n\n\n<p><strong>GARANT\u00cdA<\/strong><br>12) Sabemos que alguna informaci\u00f3n puede cambiar durante el tiempo por diversas razones \u2013 es un proceso normal; no obstante, con el prop\u00f3sito de mantener la vigencia de nuestros Directorios de Empresas realizamos actualizaciones anuales \u2013 en agradecimiento por tu compra y a solicitud por email enviaremos la \u00faltima versi\u00f3n sin ning\u00fan costo adicional durante un (1) a\u00f1o.<\/p>\n\n\n\n<p><strong>REEMBOLSO<\/strong><br>13)&nbsp;<strong>NO HACEMOS REEMBOLSOS O DEVOLUCIONES DE DINERO<\/strong>&nbsp;debido a que los Directorios de Empresas son enviados completamente desbloqueados para uso inmediato despu\u00e9s de realizada la compra \u2014 El comprador asume la responsabilidad de la compra y la lectura de los presentes t\u00e9rminos y condiciones.<\/p>\n\n\n\n<p>NUESTROS DIRECTORIOS DE EMPRESAS SE PROPORCIONAN SIN GARANT\u00cdA DE NING\u00daN TIPO. TAMPOCO ASEGURAMOS RESULTADOS RESPECTO AL USO DE LA MISMOS; YA QUE ESTOS DEPENDEN DE LA ESTRATEGIA DE MARKETING, CONOCIMIENTO DE VENTAS Y CONSISTENCIA EN SU USO. TAMPOCO PROVEEMOS ASESORAMIENTO O INFORMACI\u00d3N SOBRE COMO UTILIZARLOS Y EN CASO DE HACERLO ESTO NO CREAR\u00c1 NINGUNA GARANT\u00cdA.<\/p>\n\n\n\n<p>EL COMPRADOR ACEPTA QUE EL USO DE LOS DIRECTORIOS DE EMPRESAS ES SU RESPONSABILIDAD Y PROPIO RIESGO.&nbsp;<strong>RED MEDIA SOLUTIONS LLC no tiene ning\u00fan compromiso por da\u00f1os y perjuicios resultantes por el uso de estos ni tampoco con situaciones legales en caso de ocurrir relacionadas con la obtenci\u00f3n de la informaci\u00f3n o con normativas referentes a la protecci\u00f3n de datos y uso de informaci\u00f3n.<\/strong><\/p>\n\n\n\n<p>ESTAS CONDICIONES Y T\u00c9RMINOS DE SERVICIO CONSTITUYEN EL ACUERDO COMPLETO ENTRE EL COMPRADOR (USUARIO FINAL) Y RED MEDIA SOLUTIONS LLC, REEMPLAZANDO CUALQUIER PROPUESTA O COMUNICACI\u00d3N PREVIA, ORAL O ESCRITA POR NOSOTROS O CUALQUIERA DE NUESTROS REPRESENTANTES POR CUALQUIER MEDIO.<\/p>\n\n\n\n<p>LAS LEYES DEL ESTADO DE LA FLORIDA Y \/ O LAS ESTADOS UNIDOS DE AM\u00c9RICA REGULAR\u00c1N CUALQUIER PREGUNTA RELATIVA A LA VALIDEZ, CONSTRUCCI\u00d3N O DESEMPE\u00d1O DE ESTE ACUERDO.<\/p>\n\n\n\n<p><strong>NOS RESERVAMOS EL DERECHO DE MODIFICAR NUESTROS T\u00c9RMINOS Y CONDICIONES SIN PREVIO AVISO.<\/strong><\/p>\n\n\n\n<br\/>\n<br\/>","protected":false},"excerpt":{"rendered":"<p>Todas las compras est\u00e1n sujetas a los siguientes T\u00e9rminos y Condiciones: 1) NUESTROS DIRECTORIOS DE EMPRESAS SON PARA USO EXCLUSIVO DEL COMPRADOR Y SUS REPRESENTANTES \u2013 BAJO NINGUNA CIRCUNSTANCIA PODR\u00c1N SER REVENDIDOS, PRESTADOS O TRANSFERIDOS A TERCERAS PERSONAS O EMPRESAS.EN ORDEN DE PROTEGER NUESTRO NEGOCIO HEMOS INCLUIDO UN N\u00daMERO REDUCIDO DE CUENTAS DE EMAIL DE&hellip;&nbsp;<\/p>\n<div class=\"read-more-wrapper\"><a href=\"https:\/\/directorioempresasecuador.com\/es\/terminos-y-condiciones\/\" class=\"button button-primary\" rel=\"bookmark\">Leer Mas \u00bb<span class=\"screen-reader-text\">T\u00e9rminos y Condiciones<\/span><\/a><\/div>","protected":false},"author":1,"featured_media":0,"parent":0,"menu_order":0,"comment_status":"closed","ping_status":"closed","template":"","meta":{"_sitemap_exclude":false,"_sitemap_priority":"","_sitemap_frequency":"","neve_meta_sidebar":"","neve_meta_container":"","neve_meta_enable_content_width":"","neve_meta_content_width":0,"neve_meta_title_alignment":"","neve_meta_author_avatar":"","neve_post_elements_order":"","neve_meta_disable_header":"","neve_meta_disable_footer":"","neve_meta_disable_title":"","neve_meta_reading_time":"","footnotes":""},"class_list":["post-360","page","type-page","status-publish","hentry"],"_links":{"self":[{"href":"https:\/\/directorioempresasecuador.com\/es\/wp-json\/wp\/v2\/pages\/360","targetHints":{"allow":["GET"]}}],"collection":[{"href":"https:\/\/directorioempresasecuador.com\/es\/wp-json\/wp\/v2\/pages"}],"about":[{"href":"https:\/\/directorioempresasecuador.com\/es\/wp-json\/wp\/v2\/types\/page"}],"author":[{"embeddable":true,"href":"https:\/\/directorioempresasecuador.com\/es\/wp-json\/wp\/v2\/users\/1"}],"replies":[{"embeddable":true,"href":"https:\/\/directorioempresasecuador.com\/es\/wp-json\/wp\/v2\/comments?post=360"}],"version-history":[{"count":4,"href":"https:\/\/directorioempresasecuador.com\/es\/wp-json\/wp\/v2\/pages\/360\/revisions"}],"predecessor-version":[{"id":987,"href":"https:\/\/directorioempresasecuador.com\/es\/wp-json\/wp\/v2\/pages\/360\/revisions\/987"}],"wp:attachment":[{"href":"https:\/\/directorioempresasecuador.com\/es\/wp-json\/wp\/v2\/media?parent=360"}],"curies":[{"name":"wp","href":"https:\/\/api.w.org\/{rel}","templated":true}]}}