{"id":356,"date":"2022-04-11T00:45:11","date_gmt":"2022-04-11T00:45:11","guid":{"rendered":"https:\/\/directorioempresasecuador.com\/?page_id=356"},"modified":"2022-04-11T00:45:14","modified_gmt":"2022-04-11T00:45:14","slug":"aviso-legal","status":"publish","type":"page","link":"https:\/\/directorioempresasecuador.com\/es\/aviso-legal\/","title":{"rendered":"Aviso Legal"},"content":{"rendered":"<p><\/p>\n\n\n\n<p><p>&nbsp;<\/p>\n<p><strong>RED MEDIA SOLUTIONS LLC<\/strong>&nbsp;advierte que todos los contenidos de esta p\u00e1gina Web han sido incluidos a mero t\u00edtulo informativo, por lo que resultan insuficientes para tomar decisiones o asumir posiciones en un caso concreto. En ninguna circunstancia constituyen asesoramiento o servicio profesional sobre ning\u00fan asunto en particular. RED MEDIA SOLUTIONS LLC no asume ninguna responsabilidad por los da\u00f1os y perjuicios resultantes o que tengan conexi\u00f3n con el empleo de dicha informaci\u00f3n.<\/p>\n<p>&nbsp;<\/p><\/p>","protected":false},"excerpt":{"rendered":"<p>&nbsp; RED MEDIA SOLUTIONS LLC&nbsp;advierte que todos los contenidos de esta p\u00e1gina Web han sido incluidos a mero t\u00edtulo informativo, por lo que resultan insuficientes para tomar decisiones o asumir posiciones en un caso concreto. En ninguna circunstancia constituyen asesoramiento o servicio profesional sobre ning\u00fan asunto en particular. RED MEDIA SOLUTIONS LLC no asume ninguna&hellip;&nbsp;<\/p>\n<div class=\"read-more-wrapper\"><a href=\"https:\/\/directorioempresasecuador.com\/es\/aviso-legal\/\" class=\"button button-primary\" rel=\"bookmark\">Leer Mas \u00bb<span class=\"screen-reader-text\">Aviso Legal<\/span><\/a><\/div>","protected":false},"author":1,"featured_media":0,"parent":0,"menu_order":0,"comment_status":"closed","ping_status":"closed","template":"","meta":{"_sitemap_exclude":false,"_sitemap_priority":"","_sitemap_frequency":"","neve_meta_sidebar":"","neve_meta_container":"","neve_meta_enable_content_width":"","neve_meta_content_width":0,"neve_meta_title_alignment":"","neve_meta_author_avatar":"","neve_post_elements_order":"","neve_meta_disable_header":"","neve_meta_disable_footer":"","neve_meta_disable_title":"","neve_meta_reading_time":"","footnotes":""},"class_list":["post-356","page","type-page","status-publish","hentry"],"_links":{"self":[{"href":"https:\/\/directorioempresasecuador.com\/es\/wp-json\/wp\/v2\/pages\/356","targetHints":{"allow":["GET"]}}],"collection":[{"href":"https:\/\/directorioempresasecuador.com\/es\/wp-json\/wp\/v2\/pages"}],"about":[{"href":"https:\/\/directorioempresasecuador.com\/es\/wp-json\/wp\/v2\/types\/page"}],"author":[{"embeddable":true,"href":"https:\/\/directorioempresasecuador.com\/es\/wp-json\/wp\/v2\/users\/1"}],"replies":[{"embeddable":true,"href":"https:\/\/directorioempresasecuador.com\/es\/wp-json\/wp\/v2\/comments?post=356"}],"version-history":[{"count":2,"href":"https:\/\/directorioempresasecuador.com\/es\/wp-json\/wp\/v2\/pages\/356\/revisions"}],"predecessor-version":[{"id":358,"href":"https:\/\/directorioempresasecuador.com\/es\/wp-json\/wp\/v2\/pages\/356\/revisions\/358"}],"wp:attachment":[{"href":"https:\/\/directorioempresasecuador.com\/es\/wp-json\/wp\/v2\/media?parent=356"}],"curies":[{"name":"wp","href":"https:\/\/api.w.org\/{rel}","templated":true}]}}