{"id":2,"date":"2022-04-09T18:24:23","date_gmt":"2022-04-09T18:24:23","guid":{"rendered":"http:\/\/box2141\/cgi\/addon_GT.cgi?s=GT::WP::Install::EIG+%28redmedi3%29+-+10.0.87.20+%5BWordpress%3b+\/var\/hp\/common\/lib\/Wordpress.pm%3b+543%3b+Hosting::gap_call%5D\/?page_id=2"},"modified":"2022-04-18T01:27:08","modified_gmt":"2022-04-18T01:27:08","slug":"metodo-de-recoleccion","status":"publish","type":"page","link":"https:\/\/directorioempresasecuador.com\/es\/metodo-de-recoleccion\/","title":{"rendered":"M\u00e9todo de Recolecci\u00f3n"},"content":{"rendered":"<p>&nbsp;<\/p>\n\n\n\n<p>Todos nuestros Directorios de Empresas en Excel son de reciente recolecci\u00f3n \u2013 utilizamos la web para para su elaboraci\u00f3n.<\/p>\n\n\n\n<p>Nuestro m\u00e9todo de recolecci\u00f3n usualmente se basa en informaci\u00f3n secundaria utilizando t\u00e9cnicas sofisticadas de b\u00fasqueda en internet, extracci\u00f3n manual de datos en directorios empresariales, recopilaci\u00f3n de emails en p\u00e1ginas web de empresas y directorios online.<\/p>\n\n\n\n<p><strong>No hay data perfecta;<\/strong> no obstante nuestro m\u00e9todo de recolecci\u00f3n a trav\u00e9s de la web provee el mayor grado de confianza. Podemos asegurarte que cada cuenta de email es \u00fanica \u2013 no hay duplicados. Hemos invertido extensas horas de trabajo en depuraci\u00f3n, limpieza \u2013 y filtrado para proporcionar los mejores directorios de empresas en Excel disponibles en todo el Ecuador \u2013 TE ASEGURAMOS QUE ESTA INFORMACI\u00d3N NO LA ENCONTRARAS EN OTRO LUGAR.<\/p>\n\n\n\n<p><strong>\u201cMultinacionales como ORACLE, 3M y Suzano las han obtenido\u201d<\/strong><\/p>\n\n\n\n<p><strong>Cada cuenta de email ha sido verificada<\/strong>&nbsp;usando la \u00faltima tecnol\u00f3gica para evitar enviar mensajes a cuentas inexistentes. Nuestro proceso de verificaci\u00f3n incluye la revisi\u00f3n de la sintaxis acorde a los est\u00e1ndares internacionales; as\u00ed como la confirmaci\u00f3n de la existencia del dominio y su vinculaci\u00f3n a un servidor de correo electr\u00f3nico \u2014 Se entiende que si la cuenta de email existe la probabilidad que los datos asociados a esta tambi\u00e9n.<\/p>\n\n\n\n<p>SOMOS LOS \u00daNICOS EN EL MERCADO QUE OFRECEMOS DIRECTORIOS DE EMPRESAS CON UN PROCESO DE VERIFICACI\u00d3N EN LAS CUENTAS DE CORREO ELECTR\u00d3NICO \u2013 otros proveedores ofrecen data de baja calidad sin ning\u00fan proceso de verificaci\u00f3n en las cuentas de email.<\/p>\n\n\n\n<p>Sabemos que alguna informaci\u00f3n puede cambiar durante el tiempo por diversas razones \u2013 es un proceso normal; no obstante, con el prop\u00f3sito de mantener la vigencia de nuestros directorios de empresas realizamos actualizaciones anuales.<\/p>\n\n\n\n<p><strong>En agradecimiento por tu compra y a tu solicitud enviaremos la \u00faltima versi\u00f3n sin ning\u00fan costo adicional durante un (1) a\u00f1o \u2013 GARANTIZADO!<\/strong><\/p>\n\n\n\n<p><br><\/p>","protected":false},"excerpt":{"rendered":"<p>&nbsp; Todos nuestros Directorios de Empresas en Excel son de reciente recolecci\u00f3n \u2013 utilizamos la web para para su elaboraci\u00f3n. Nuestro m\u00e9todo de recolecci\u00f3n usualmente se basa en informaci\u00f3n secundaria utilizando t\u00e9cnicas sofisticadas de b\u00fasqueda en internet, extracci\u00f3n manual de datos en directorios empresariales, recopilaci\u00f3n de emails en p\u00e1ginas web de empresas y directorios online.&hellip;&nbsp;<\/p>\n<div class=\"read-more-wrapper\"><a href=\"https:\/\/directorioempresasecuador.com\/es\/metodo-de-recoleccion\/\" class=\"button button-primary\" rel=\"bookmark\">Leer Mas \u00bb<span class=\"screen-reader-text\">M\u00e9todo de Recolecci\u00f3n<\/span><\/a><\/div>","protected":false},"author":1,"featured_media":0,"parent":0,"menu_order":0,"comment_status":"closed","ping_status":"open","template":"","meta":{"_sitemap_exclude":false,"_sitemap_priority":"","_sitemap_frequency":"","neve_meta_sidebar":"","neve_meta_container":"","neve_meta_enable_content_width":"","neve_meta_content_width":0,"neve_meta_title_alignment":"","neve_meta_author_avatar":"","neve_post_elements_order":"","neve_meta_disable_header":"","neve_meta_disable_footer":"","neve_meta_disable_title":"","neve_meta_reading_time":"","footnotes":""},"class_list":["post-2","page","type-page","status-publish","hentry"],"_links":{"self":[{"href":"https:\/\/directorioempresasecuador.com\/es\/wp-json\/wp\/v2\/pages\/2","targetHints":{"allow":["GET"]}}],"collection":[{"href":"https:\/\/directorioempresasecuador.com\/es\/wp-json\/wp\/v2\/pages"}],"about":[{"href":"https:\/\/directorioempresasecuador.com\/es\/wp-json\/wp\/v2\/types\/page"}],"author":[{"embeddable":true,"href":"https:\/\/directorioempresasecuador.com\/es\/wp-json\/wp\/v2\/users\/1"}],"replies":[{"embeddable":true,"href":"https:\/\/directorioempresasecuador.com\/es\/wp-json\/wp\/v2\/comments?post=2"}],"version-history":[{"count":4,"href":"https:\/\/directorioempresasecuador.com\/es\/wp-json\/wp\/v2\/pages\/2\/revisions"}],"predecessor-version":[{"id":980,"href":"https:\/\/directorioempresasecuador.com\/es\/wp-json\/wp\/v2\/pages\/2\/revisions\/980"}],"wp:attachment":[{"href":"https:\/\/directorioempresasecuador.com\/es\/wp-json\/wp\/v2\/media?parent=2"}],"curies":[{"name":"wp","href":"https:\/\/api.w.org\/{rel}","templated":true}]}}